{"id":7,"date":"2024-11-13T13:56:08","date_gmt":"2024-11-13T13:56:08","guid":{"rendered":"https:\/\/skydoostart.skydoo.com.pl\/?page_id=7"},"modified":"2024-11-13T14:34:35","modified_gmt":"2024-11-13T14:34:35","slug":"strona-startowa","status":"publish","type":"page","link":"https:\/\/skydoostart.skydoo.com.pl\/","title":{"rendered":"Strona startowa"},"content":{"rendered":"\t\t<div data-elementor-type=\"wp-page\" data-elementor-id=\"7\" class=\"elementor elementor-7\">\n\t\t\t\t<div class=\"elementor-element elementor-element-24ac988 e-flex e-con-boxed e-con e-parent\" data-id=\"24ac988\" data-element_type=\"container\">\n\t\t\t\t\t<div class=\"e-con-inner\">\n\t\t\t\t<div class=\"elementor-element elementor-element-2373a89 elementor-widget elementor-widget-image\" data-id=\"2373a89\" data-element_type=\"widget\" data-widget_type=\"image.default\">\n\t\t\t\t<div class=\"elementor-widget-container\">\n\t\t\t\t\t\t\t\t\t\t\t\t\t\t\t\t<a href=\"http:\/\/www.skydoo.pl\">\n\t\t\t\t\t\t\t<img fetchpriority=\"high\" decoding=\"async\" width=\"800\" height=\"302\" src=\"https:\/\/skydoostart.skydoo.com.pl\/wp-content\/uploads\/2024\/11\/logo-skydoo-black-1-1.svg\" class=\"attachment-large size-large wp-image-16\" alt=\"\" \/>\t\t\t\t\t\t\t\t<\/a>\n\t\t\t\t\t\t\t\t\t\t\t\t\t\t\t<\/div>\n\t\t\t\t<\/div>\n\t\t\t\t\t<\/div>\n\t\t\t\t<\/div>\n\t\t<div class=\"elementor-element elementor-element-4ce5a10 e-flex e-con-boxed e-con e-parent\" data-id=\"4ce5a10\" data-element_type=\"container\" data-settings=\"{&quot;background_background&quot;:&quot;classic&quot;}\">\n\t\t\t\t\t<div class=\"e-con-inner\">\n\t\t\t\t<div class=\"elementor-element elementor-element-525de4a elementor-widget elementor-widget-heading\" data-id=\"525de4a\" data-element_type=\"widget\" data-widget_type=\"heading.default\">\n\t\t\t\t<div class=\"elementor-widget-container\">\n\t\t\t\t\t<h2 class=\"elementor-heading-title elementor-size-default\">Drogi kliencie!<\/h2>\t\t\t\t<\/div>\n\t\t\t\t<\/div>\n\t\t\t\t<div class=\"elementor-element elementor-element-9c0fc6b elementor-widget elementor-widget-heading\" data-id=\"9c0fc6b\" data-element_type=\"widget\" data-widget_type=\"heading.default\">\n\t\t\t\t<div class=\"elementor-widget-container\">\n\t\t\t\t\t<h1 class=\"elementor-heading-title elementor-size-default\">Projekt wystartowa\u0142<\/h1>\t\t\t\t<\/div>\n\t\t\t\t<\/div>\n\t\t\t\t<div class=\"elementor-element elementor-element-5857ea9 elementor-widget elementor-widget-text-editor\" data-id=\"5857ea9\" data-element_type=\"widget\" data-widget_type=\"text-editor.default\">\n\t\t\t\t<div class=\"elementor-widget-container\">\n\t\t\t\t\t\t\t\t\t<p>Nied\u0142ugo zobaczysz tu swoj\u0105 now\u0105 stron\u0119.<\/p>\t\t\t\t\t\t\t\t<\/div>\n\t\t\t\t<\/div>\n\t\t<div class=\"elementor-element elementor-element-d9ed08a e-con-full e-flex e-con e-child\" data-id=\"d9ed08a\" data-element_type=\"container\">\n\t\t\t\t<div class=\"elementor-element elementor-element-02546c4 elementor-widget elementor-widget-button\" data-id=\"02546c4\" data-element_type=\"widget\" data-widget_type=\"button.default\">\n\t\t\t\t<div class=\"elementor-widget-container\">\n\t\t\t\t\t\t\t\t\t<div class=\"elementor-button-wrapper\">\n\t\t\t\t\t<a class=\"elementor-button elementor-button-link elementor-size-sm\" href=\"#\">\n\t\t\t\t\t\t<span class=\"elementor-button-content-wrapper\">\n\t\t\t\t\t\t<span class=\"elementor-button-icon\">\n\t\t\t\t<svg xmlns=\"http:\/\/www.w3.org\/2000\/svg\" width=\"13\" height=\"14\" viewBox=\"0 0 13 14\" fill=\"none\"><path d=\"M2.30664 9.48633C3.76628 8.89258 5.16406 8.5957 6.5 8.5957C7.83594 8.5957 9.22135 8.89258 10.6562 9.48633C12.1159 10.0553 12.8457 10.8099 12.8457 11.75V13.3457H0.154297V11.75C0.154297 10.8099 0.871745 10.0553 2.30664 9.48633ZM8.72656 6.07227C8.10807 6.69076 7.36589 7 6.5 7C5.63411 7 4.89193 6.69076 4.27344 6.07227C3.65495 5.45378 3.3457 4.71159 3.3457 3.8457C3.3457 2.97982 3.65495 2.23763 4.27344 1.61914C4.89193 0.975911 5.63411 0.654297 6.5 0.654297C7.36589 0.654297 8.10807 0.975911 8.72656 1.61914C9.34505 2.23763 9.6543 2.97982 9.6543 3.8457C9.6543 4.71159 9.34505 5.45378 8.72656 6.07227Z\" fill=\"white\"><\/path><path d=\"M2.30664 9.48633C3.76628 8.89258 5.16406 8.5957 6.5 8.5957C7.83594 8.5957 9.22135 8.89258 10.6562 9.48633C12.1159 10.0553 12.8457 10.8099 12.8457 11.75V13.3457H0.154297V11.75C0.154297 10.8099 0.871745 10.0553 2.30664 9.48633ZM8.72656 6.07227C8.10807 6.69076 7.36589 7 6.5 7C5.63411 7 4.89193 6.69076 4.27344 6.07227C3.65495 5.45378 3.3457 4.71159 3.3457 3.8457C3.3457 2.97982 3.65495 2.23763 4.27344 1.61914C4.89193 0.975911 5.63411 0.654297 6.5 0.654297C7.36589 0.654297 8.10807 0.975911 8.72656 1.61914C9.34505 2.23763 9.6543 2.97982 9.6543 3.8457C9.6543 4.71159 9.34505 5.45378 8.72656 6.07227Z\" fill=\"white\"><\/path><\/svg>\t\t\t<\/span>\n\t\t\t\t\t\t\t\t\t<span class=\"elementor-button-text\">Panel  klienta<\/span>\n\t\t\t\t\t<\/span>\n\t\t\t\t\t<\/a>\n\t\t\t\t<\/div>\n\t\t\t\t\t\t\t\t<\/div>\n\t\t\t\t<\/div>\n\t\t\t\t<div class=\"elementor-element elementor-element-4ef2cee elementor-widget elementor-widget-button\" data-id=\"4ef2cee\" data-element_type=\"widget\" data-widget_type=\"button.default\">\n\t\t\t\t<div class=\"elementor-widget-container\">\n\t\t\t\t\t\t\t\t\t<div class=\"elementor-button-wrapper\">\n\t\t\t\t\t<a class=\"elementor-button elementor-button-link elementor-size-sm\" href=\"http:\/\/www.skydoo.pl\">\n\t\t\t\t\t\t<span class=\"elementor-button-content-wrapper\">\n\t\t\t\t\t\t<span class=\"elementor-button-icon\">\n\t\t\t\t<svg xmlns=\"http:\/\/www.w3.org\/2000\/svg\" width=\"19\" height=\"15\" viewBox=\"0 0 19 15\" fill=\"none\"><path d=\"M3.1543 2.4707V10.375H15.8457V2.4707H3.1543ZM15.8457 12.75H19V14.3457H0V12.75H3.1543V11.9707C2.73372 11.9707 2.36263 11.8099 2.04102 11.4883C1.74414 11.1667 1.5957 10.7956 1.5957 10.375V2.4707C1.5957 2.05013 1.74414 1.67904 2.04102 1.35742C2.36263 1.03581 2.73372 0.875 3.1543 0.875H15.8457C16.2663 0.875 16.625 1.03581 16.9219 1.35742C17.2435 1.67904 17.4043 2.05013 17.4043 2.4707V10.375C17.4043 10.7956 17.2435 11.1667 16.9219 11.4883C16.625 11.8099 16.2663 11.9707 15.8457 11.9707V12.75Z\" fill=\"white\"><\/path><path d=\"M3.1543 2.4707V10.375H15.8457V2.4707H3.1543ZM15.8457 12.75H19V14.3457H0V12.75H3.1543V11.9707C2.73372 11.9707 2.36263 11.8099 2.04102 11.4883C1.74414 11.1667 1.5957 10.7956 1.5957 10.375V2.4707C1.5957 2.05013 1.74414 1.67904 2.04102 1.35742C2.36263 1.03581 2.73372 0.875 3.1543 0.875H15.8457C16.2663 0.875 16.625 1.03581 16.9219 1.35742C17.2435 1.67904 17.4043 2.05013 17.4043 2.4707V10.375C17.4043 10.7956 17.2435 11.1667 16.9219 11.4883C16.625 11.8099 16.2663 11.9707 15.8457 11.9707V12.75Z\" fill=\"white\"><\/path><\/svg>\t\t\t<\/span>\n\t\t\t\t\t\t\t\t\t<span class=\"elementor-button-text\">www.skydoo.pl<\/span>\n\t\t\t\t\t<\/span>\n\t\t\t\t\t<\/a>\n\t\t\t\t<\/div>\n\t\t\t\t\t\t\t\t<\/div>\n\t\t\t\t<\/div>\n\t\t\t\t<\/div>\n\t\t\t\t\t<\/div>\n\t\t\t\t<\/div>\n\t\t<div class=\"elementor-element elementor-element-ba77bbc e-flex e-con-boxed e-con e-parent\" data-id=\"ba77bbc\" data-element_type=\"container\">\n\t\t\t\t\t<div class=\"e-con-inner\">\n\t\t\t\t<div class=\"elementor-element elementor-element-3f36189 elementor-widget elementor-widget-image\" data-id=\"3f36189\" data-element_type=\"widget\" data-widget_type=\"image.default\">\n\t\t\t\t<div class=\"elementor-widget-container\">\n\t\t\t\t\t\t\t\t\t\t\t\t\t\t\t<img fetchpriority=\"high\" decoding=\"async\" width=\"800\" height=\"302\" src=\"https:\/\/skydoostart.skydoo.com.pl\/wp-content\/uploads\/2024\/11\/logo-skydoo-black-1-1.svg\" class=\"attachment-large size-large wp-image-16\" alt=\"\" \/>\t\t\t\t\t\t\t\t\t\t\t\t\t\t\t<\/div>\n\t\t\t\t<\/div>\n\t\t\t\t<div class=\"elementor-element elementor-element-c85fe1c elementor-widget-divider--view-line elementor-widget elementor-widget-divider\" data-id=\"c85fe1c\" data-element_type=\"widget\" data-widget_type=\"divider.default\">\n\t\t\t\t<div class=\"elementor-widget-container\">\n\t\t\t\t\t\t\t<div class=\"elementor-divider\">\n\t\t\t<span class=\"elementor-divider-separator\">\n\t\t\t\t\t\t<\/span>\n\t\t<\/div>\n\t\t\t\t\t\t<\/div>\n\t\t\t\t<\/div>\n\t\t<div class=\"elementor-element elementor-element-133ff77 e-con-full e-flex e-con e-child\" data-id=\"133ff77\" data-element_type=\"container\">\n\t\t\t\t<div class=\"elementor-element elementor-element-00abb1a elementor-widget elementor-widget-heading\" data-id=\"00abb1a\" data-element_type=\"widget\" data-widget_type=\"heading.default\">\n\t\t\t\t<div class=\"elementor-widget-container\">\n\t\t\t\t\t<p class=\"elementor-heading-title elementor-size-default\"><a href=\"http:\/\/www.skydoo.pl\">\u00a9 2024 made with \u2764 by Skydoo<\/a><\/p>\t\t\t\t<\/div>\n\t\t\t\t<\/div>\n\t\t\t\t<div class=\"elementor-element elementor-element-5cdde50 elementor-widget elementor-widget-heading\" data-id=\"5cdde50\" data-element_type=\"widget\" data-widget_type=\"heading.default\">\n\t\t\t\t<div class=\"elementor-widget-container\">\n\t\t\t\t\t<p class=\"elementor-heading-title elementor-size-default\"><a href=\"http:\/\/www.skydoo.pl\">Polityka prywatno\u015bci<\/a><\/p>\t\t\t\t<\/div>\n\t\t\t\t<\/div>\n\t\t\t\t<div class=\"elementor-element elementor-element-1baf6a2 elementor-widget elementor-widget-heading\" data-id=\"1baf6a2\" data-element_type=\"widget\" data-widget_type=\"heading.default\">\n\t\t\t\t<div class=\"elementor-widget-container\">\n\t\t\t\t\t<p class=\"elementor-heading-title elementor-size-default\"><a href=\"http:\/\/www.skydoo.pl\">Warunki serwisu<\/a><\/p>\t\t\t\t<\/div>\n\t\t\t\t<\/div>\n\t\t\t\t<\/div>\n\t\t\t\t\t<\/div>\n\t\t\t\t<\/div>\n\t\t\t\t<\/div>\n\t\t","protected":false},"excerpt":{"rendered":"<p>Drogi kliencie! Projekt wystartowa\u0142 Nied\u0142ugo zobaczysz tu swoj\u0105 now\u0105 stron\u0119. Panel klienta www.skydoo.pl \u00a9 2024 made with \u2764 by Skydoo Polityka prywatno\u015bci Warunki serwisu<\/p>\n","protected":false},"author":1,"featured_media":0,"parent":0,"menu_order":0,"comment_status":"closed","ping_status":"closed","template":"elementor_canvas","meta":{"inline_featured_image":false,"footnotes":""},"class_list":["post-7","page","type-page","status-publish","hentry"],"_links":{"self":[{"href":"https:\/\/skydoostart.skydoo.com.pl\/index.php?rest_route=\/wp\/v2\/pages\/7","targetHints":{"allow":["GET"]}}],"collection":[{"href":"https:\/\/skydoostart.skydoo.com.pl\/index.php?rest_route=\/wp\/v2\/pages"}],"about":[{"href":"https:\/\/skydoostart.skydoo.com.pl\/index.php?rest_route=\/wp\/v2\/types\/page"}],"author":[{"embeddable":true,"href":"https:\/\/skydoostart.skydoo.com.pl\/index.php?rest_route=\/wp\/v2\/users\/1"}],"replies":[{"embeddable":true,"href":"https:\/\/skydoostart.skydoo.com.pl\/index.php?rest_route=%2Fwp%2Fv2%2Fcomments&post=7"}],"version-history":[{"count":37,"href":"https:\/\/skydoostart.skydoo.com.pl\/index.php?rest_route=\/wp\/v2\/pages\/7\/revisions"}],"predecessor-version":[{"id":50,"href":"https:\/\/skydoostart.skydoo.com.pl\/index.php?rest_route=\/wp\/v2\/pages\/7\/revisions\/50"}],"wp:attachment":[{"href":"https:\/\/skydoostart.skydoo.com.pl\/index.php?rest_route=%2Fwp%2Fv2%2Fmedia&parent=7"}],"curies":[{"name":"wp","href":"https:\/\/api.w.org\/{rel}","templated":true}]}}